{"id":61,"date":"2021-02-12T18:16:51","date_gmt":"2021-02-12T18:16:51","guid":{"rendered":"https:\/\/www.areve.ca\/?page_id=61"},"modified":"2023-06-21T17:37:31","modified_gmt":"2023-06-21T17:37:31","slug":"home","status":"publish","type":"page","link":"http:\/\/www.areve.ca\/fr\/","title":{"rendered":"Home"},"content":{"rendered":"\n<h3>\n\t\tAREVE APPARTEMENTS\n\t<\/h3>\n<h2>\n\t\tAPPARTEMENTS LOCATIFS DE PRESTIGE SITU\u00c9E AU C\u0152UR DE VILLE LASALLE.\n\t<\/h2>\n\t<p>\u00c0 LOUER D\u00c8S MAINTENANT. VEUILLEZ SAISIR VOS COORDONN\u00c9ES ET UN REPR\u00c9SENTANT DE LA LOCATION VOUS CONTACTERA DIRECTEMENT.<\/p>\n\t<h3>\n\t\t<\/h3>\n\t\n\t\t\n    <form id=\"wpforms-form-81\" data-formid=\"81\" method=\"post\" enctype=\"multipart\/form-data\" action=\"\/fr\/?fl_builder\" data-token=\"c866e5a3622b04bc4762b8c2f2e7837b\">Veuillez activer JavaScript dans votre navigateur pour remplir ce formulaire.<label for=\"wpforms-81-field_0\">Nom complet *<\/label><input type=\"text\" id=\"wpforms-81-field_0\" name=\"wpforms[fields][0]\" placeholder=\"Nom complet\" required\/><label for=\"wpforms-81-field_1\">Adresse courriel *<\/label><input type=\"email\" id=\"wpforms-81-field_1\" name=\"wpforms[fields][1]\" placeholder=\"Adresse courriel\" required\/><label for=\"wpforms-81-field_3\">Num\u00e9ro de t\u00e9l\u00e9phone *<\/label><input type=\"tel\" id=\"wpforms-81-field_3\" data-rule-int-phone-field=\"true\" name=\"wpforms[fields][3]\" placeholder=\"Num\u00e9ro de t\u00e9l\u00e9phone\" required\/><input type=\"hidden\" name=\"wpforms[id]\" value=\"81\"\/><input type=\"hidden\" name=\"wpforms[author]\" value=\"0\"\/><input type=\"hidden\" name=\"wpforms[post_id]\" value=\"61\"\/><button type=\"submit\" name=\"wpforms[submit]\" id=\"wpforms-submit-81\" value=\"wpforms-submit\" aria-live=\"assertive\" data-alt-text=\"Sending...\" data-submit-text=\"SOUMETTRE\">SOUMETTRE<\/button><\/form>  <!-- .wpforms-container -->\n\t\t\t\t<img src=\"http:\/\/www.areve.ca\/wp-content\/uploads\/2022\/10\/Untitled-design-25.png\" alt=\"Untitled design (25)\" itemprop=\"image\" title=\"Untitled design (25)\" onerror=\"this.style.display='none'\"  \/>\n<h2>\n\t\tAREVE APPARTEMENTS\n\t<\/h2>\n\t<p>Cette adresse prestigieuse est situ\u00e9e \u00e0 quelques minutes seulement de Montr\u00e9al, au c\u0153ur du quartier Angrignon \u00e0 La Salle. Offrant l&rsquo;\u00e9quilibre parfait entre le calme de la nature et le dynamisme de la ville, Areve est situ\u00e9 \u00e0 proximit\u00e9 de pistes cyclables, de parcs, d&rsquo;espaces verts, de boutiques, de pharmacies, de march\u00e9s alimentaires, de cliniques et de restaurants. Situ\u00e9 \u00e0 quelques pas de la station de m\u00e9tro Angrignon et du c\u00e9l\u00e8bre Carrefour Angrignon, les appartements Areve sont la preuve que la ville et la nature peuvent coexister dans l&rsquo;harmonie.<\/p>\n<h2>\n\t\tENVIRONNEMENT \u00c9L\u00c9GANT ET PRESTIGIEUX\n\t<\/h2>\n\t<p>L&rsquo;immeuble est enti\u00e8rement fait de b\u00e9ton et de verre et offre un isolement acoustique de qualit\u00e9 sup\u00e9rieure. Chaque appartement est muni de grandes fen\u00eatres qui laissent entrer la lumi\u00e8re naturelle de l&rsquo;aube au coucher du soleil. La cuisine est \u00e9quip\u00e9e de comptoirs de quartz luxueux. La nouvelle phase comprend \u00e9galement des plafonds de 9 pieds ainsi que de spacieuses terrasses.<\/p>\n\t\t\t\t<img src=\"http:\/\/www.areve.ca\/wp-content\/uploads\/2021\/02\/areve_ph2.jpg\" alt=\"areve_ph2\" itemprop=\"image\" title=\"areve_ph2\" onerror=\"this.style.display='none'\"  \/>\n\t\t\t\t<img src=\"http:\/\/www.areve.ca\/wp-content\/uploads\/2022\/10\/Untitled-design-29.png\" alt=\"Untitled design (29)\" itemprop=\"image\" title=\"Untitled design (29)\" onerror=\"this.style.display='none'\"  \/>\n\t\t<h2>\n\t\t\t150\n\t\t\t\t\t\t\t\t\t\t\tAppartements au total\n\t\t<\/h2>\n\t\t\t<br \/>\n\t\t<h2>\n\t\t\t<small>De<\/small> 544 \u00e0 2 075\n\t\t\t\t\t\t\t\t\t\t\tPieds carr\u00e9s\n\t\t<\/h2>\n\t\t<h2>\n\t\t\tConfigurations propos\u00e9es\n\t\t\t\t\t\t\t\t\t\t\t1 chambre \/ 1 salle d bain, 2 chambres \/ 1 salle de bain, 2 chambres \/ 2 salles de bain\n\t\t<\/h2>\n<h2>\n\t\tENVIRONNEMENT \u00c9L\u00c9GANT ET PRESTIGIEUX\n\t<\/h2>\n<h2>\n\t\tCARACT\u00c9RISTIQUES DES APPARTEMENTS\n\t<\/h2>\n\t<ul>\n\t\t\t<li>\n\t\t\t\tLogements d&rsquo;une, ou de deux chambre(s)\n\t\t\t<\/li>\n\t\t\t<li>\n\t\t\t\tStructure en b\u00e9ton avec plafonds de 9 pieds\n\t\t\t<\/li>\n\t\t\t<li>\n\t\t\t\tStores de fen\u00eatres compris\n\t\t\t<\/li>\n\t\t\t<li>\n\t\t\t\t\u00c9lectrom\u00e9nagers compris (laveuse \/ s\u00e9cheuse, r\u00e9frig\u00e9rateur, lave-vaisselle et cuisini\u00e8re)\n\t\t\t<\/li>\n\t\t\t<li>\n\t\t\t\tComptoirs de quartz\n\t\t\t<\/li>\n\t\t\t<li>\n\t\t\t\tDosseret en c\u00e9ramique\n\t\t\t<\/li>\n\t\t\t<li>\n\t\t\t\tAir climatis\u00e9 mural\n\t\t\t<\/li>\n\t\t\t<li>\n\t\t\t\tBalcons\n\t\t\t<\/li>\n\t\t\t<li>\n\t\t\t\tEau chaude incluse\n\t\t\t<\/li>\n\t\t<\/ul>\n\t\t\t\t<img src=\"http:\/\/www.areve.ca\/wp-content\/uploads\/2021\/02\/img_005.jpg\" alt=\"img_005\" itemprop=\"image\" title=\"img_005\" onerror=\"this.style.display='none'\"  \/>\n\t\t\t\t<img src=\"http:\/\/www.areve.ca\/wp-content\/uploads\/2022\/10\/Untitled-design-26.png\" alt=\"Untitled design (26)\" itemprop=\"image\" title=\"Untitled design (26)\" onerror=\"this.style.display='none'\"  \/>\n<h2>\n\t\tCONFORT\n\t<\/h2>\n\t<ul>\n\t\t\t<li>\n\t\t\t\tLounge\n\t\t\t<\/li>\n\t\t\t<li>\n\t\t\t\tSauna &#038; salle de relaxation\n\t\t\t<\/li>\n\t\t\t<li>\n\t\t\t\tTerrasse sur le toit\n\t\t\t<\/li>\n\t\t\t<li>\n\t\t\t\tSalle d&rsquo;entrainement\n\t\t\t<\/li>\n\t\t\t<li>\n\t\t\t\tVestiaire\n\t\t\t<\/li>\n\t\t\t<li>\n\t\t\t\tDeux ascenseurs\n\t\t\t<\/li>\n\t\t\t<li>\n\t\t\t\t\u00c9limination des ordures m\u00e9nag\u00e8res\n\t\t\t<\/li>\n\t\t\t<li>\n\t\t\t\tStationnement int\u00e9rieur\n\t\t\t<\/li>\n\t\t\t<li>\n\t\t\t\tStations de recharges pour v\u00e9hicules \u00e9lectriques\n\t\t\t<\/li>\n\t\t\t<li>\n\t\t\t\tHall d&rsquo;entr\u00e9e s\u00e9curis\u00e9 par cam\u00e9ras et syst\u00e8me d&rsquo;intercom\n\t\t\t<\/li>\n\t\t<\/ul>\n\t\t\t\t\t\t<figure>\n\t\t\t\t\t\t\t<img src=\"https:\/\/www.areve.ca\/wp-content\/uploads\/2021\/02\/slider_003.jpg\" alt=\"\" \/>\n\t\t\t\t\t\t<\/figure>\n\t\t\t\t\t\t<figure>\n\t\t\t\t\t\t\t<img src=\"https:\/\/www.areve.ca\/wp-content\/uploads\/2021\/02\/slider_002.jpg\" alt=\"\" \/>\n\t\t\t\t\t\t<\/figure>\n\t\t\t\t\t\t<figure>\n\t\t\t\t\t\t\t<img src=\"https:\/\/www.areve.ca\/wp-content\/uploads\/2022\/10\/8.png\" alt=\"\" \/>\n\t\t\t\t\t\t<\/figure>\n\t\t\t\t\t\t<figure>\n\t\t\t\t\t\t\t<img src=\"https:\/\/www.areve.ca\/wp-content\/uploads\/2022\/10\/16.png\" alt=\"\" \/>\n\t\t\t\t\t\t<\/figure>\n\t\t\t\t\t\t<figure>\n\t\t\t\t\t\t\t<img src=\"https:\/\/www.areve.ca\/wp-content\/uploads\/2022\/10\/1.png\" alt=\"\" \/>\n\t\t\t\t\t\t<\/figure>\n\t\t\t\t\t\t<figure>\n\t\t\t\t\t\t\t<img src=\"https:\/\/www.areve.ca\/wp-content\/uploads\/2022\/10\/23.png\" alt=\"\" \/>\n\t\t\t\t\t\t<\/figure>\n\t\t\t\t\t\t<figure>\n\t\t\t\t\t\t\t<img src=\"https:\/\/www.areve.ca\/wp-content\/uploads\/2022\/10\/13.png\" alt=\"\" \/>\n\t\t\t\t\t\t<\/figure>\n\t\t\t\t\t\t<figure>\n\t\t\t\t\t\t\t<img src=\"https:\/\/www.areve.ca\/wp-content\/uploads\/2022\/10\/15.png\" alt=\"\" \/>\n\t\t\t\t\t\t<\/figure>\n\t\t\t\t\t\t<figure>\n\t\t\t\t\t\t\t<img src=\"https:\/\/www.areve.ca\/wp-content\/uploads\/2022\/10\/4.png\" alt=\"\" \/>\n\t\t\t\t\t\t<\/figure>\n\t\t\t\t\t\t<figure>\n\t\t\t\t\t\t\t<img src=\"https:\/\/www.areve.ca\/wp-content\/uploads\/2022\/10\/27.png\" alt=\"\" \/>\n\t\t\t\t\t\t<\/figure>\n\t\t\t\t\t\t<figure>\n\t\t\t\t\t\t\t<img src=\"https:\/\/www.areve.ca\/wp-content\/uploads\/2022\/10\/17.png\" alt=\"\" \/>\n\t\t\t\t\t\t<\/figure>\n\t\t\t\t\t\t<figure>\n\t\t\t\t\t\t\t<img src=\"https:\/\/www.areve.ca\/wp-content\/uploads\/2022\/10\/3.png\" alt=\"\" \/>\n\t\t\t\t\t\t<\/figure>\n\t\t\t\t\t\t<figure>\n\t\t\t\t\t\t\t<img src=\"https:\/\/www.areve.ca\/wp-content\/uploads\/2022\/10\/26.png\" alt=\"\" \/>\n\t\t\t\t\t\t<\/figure>\n\t\t\t\t\t\t<figure>\n\t\t\t\t\t\t\t<img src=\"https:\/\/www.areve.ca\/wp-content\/uploads\/2022\/10\/11.png\" alt=\"\" \/>\n\t\t\t\t\t\t<\/figure>\n\t\t\t\t\t\t<figure>\n\t\t\t\t\t\t\t<img src=\"https:\/\/www.areve.ca\/wp-content\/uploads\/2022\/10\/20.png\" alt=\"\" \/>\n\t\t\t\t\t\t<\/figure>\n\t\t\t\t\t\t<figure>\n\t\t\t\t\t\t\t<img src=\"https:\/\/www.areve.ca\/wp-content\/uploads\/2022\/10\/2.png\" alt=\"\" \/>\n\t\t\t\t\t\t<\/figure>\n\t\t\t\t\t\t<figure>\n\t\t\t\t\t\t\t<img src=\"https:\/\/www.areve.ca\/wp-content\/uploads\/2022\/10\/24.png\" alt=\"\" \/>\n\t\t\t\t\t\t<\/figure>\n\t\t\t\t\t\t<figure>\n\t\t\t\t\t\t\t<img src=\"https:\/\/www.areve.ca\/wp-content\/uploads\/2022\/10\/10.png\" alt=\"\" \/>\n\t\t\t\t\t\t<\/figure>\n\t\t\t\t\t\t<figure>\n\t\t\t\t\t\t\t<img src=\"https:\/\/www.areve.ca\/wp-content\/uploads\/2022\/10\/19.png\" alt=\"\" \/>\n\t\t\t\t\t\t<\/figure>\n\t\t\t\t\t\t<figure>\n\t\t\t\t\t\t\t<img src=\"https:\/\/www.areve.ca\/wp-content\/uploads\/2022\/10\/5.png\" alt=\"\" \/>\n\t\t\t\t\t\t<\/figure>\n\t\t\t\t\t\t<figure>\n\t\t\t\t\t\t\t<img src=\"https:\/\/www.areve.ca\/wp-content\/uploads\/2022\/10\/21.png\" alt=\"\" \/>\n\t\t\t\t\t\t<\/figure>\n\t\t\t\t\t\t<figure>\n\t\t\t\t\t\t\t<img src=\"https:\/\/www.areve.ca\/wp-content\/uploads\/2022\/10\/12.png\" alt=\"\" \/>\n\t\t\t\t\t\t<\/figure>\n\t\t\t\t\t\t<figure>\n\t\t\t\t\t\t\t<img src=\"https:\/\/www.areve.ca\/wp-content\/uploads\/2022\/10\/Untitled-design-32.png\" alt=\"\" \/>\n\t\t\t\t\t\t<\/figure>\n\t\t\t\t\t\t<figure>\n\t\t\t\t\t\t\t<img src=\"https:\/\/www.areve.ca\/wp-content\/uploads\/2022\/10\/7.png\" alt=\"\" \/>\n\t\t\t\t\t\t<\/figure>\n\t\t\t\t\t\t<figure>\n\t\t\t\t\t\t\t<img src=\"https:\/\/www.areve.ca\/wp-content\/uploads\/2022\/10\/6.png\" alt=\"\" \/>\n\t\t\t\t\t\t<\/figure>\n\t\t\t\t\t\t<figure>\n\t\t\t\t\t\t\t<img src=\"https:\/\/www.areve.ca\/wp-content\/uploads\/2022\/10\/22.png\" alt=\"\" \/>\n\t\t\t\t\t\t<\/figure>\n\t\t\t\t\t\t<figure>\n\t\t\t\t\t\t\t<img src=\"https:\/\/www.areve.ca\/wp-content\/uploads\/2022\/10\/14.png\" alt=\"\" \/>\n\t\t\t\t\t\t<\/figure>\n\t\t\t\t\t\t<figure>\n\t\t\t\t\t\t\t<img src=\"https:\/\/www.areve.ca\/wp-content\/uploads\/2022\/10\/18.png\" alt=\"\" \/>\n\t\t\t\t\t\t<\/figure>\n\t\t\t\t\t\t\t\t<!-- pagination -->\n\t<h3>\n\t\tNOS COORDONN\u00c9ES\n\t<\/h3>\n\t\t<h6>\n\t\t\tBUREAU DE LOCATION\n\t\t\t\t\t\t\t\t\t\t\t6848 Boulevard Newman, Lasalle, QC, H8N 0G7\n\t\t<\/h6>\n\t\t<h6>\n\t\t\tHEURES D&rsquo;OUVERTURE\n\t\t<\/h6>\n\t\t\t<p>Lundi &#8211; Vendredi: 9:00am &#8211; 5:00pm<br \/>Samedi: Ferm\u00e9<br \/>Dimanche: Ferm\u00e9<\/p>\t\t\n\t\t\t<a href=\"tel:+15143338800\" role=\"button\" target=\"_self\" onclick=\"\" rel=\"noopener\">\n\t\t\t\t\t\t\t\t\t\t\t\t\t\t\t\t\t\t\t\t\t\t514-331-1181\n\t\t\t\t\t\t\t<\/a>\n\t\t\t<a href=\"mailto:louer@areve.ca\" role=\"button\" target=\"_self\" onclick=\"\" rel=\"noopener\">\n\t\t\t\t\t\t\t\t\t\t\t\t\t\t\t\t\t\t\t\t\t\tlouer@areve.ca\n\t\t\t\t\t\t\t<\/a>\n<h2>\n\t\tR\u00c9SERVEZ VOTRE VISITE AUJOURD&rsquo;HUI\n\t<\/h2>\n\t<p>Occupation limit\u00e9e disponible. Veuillez saisir vos coordonn\u00e9es et un repr\u00e9sentant de la location vous contactera directement.<\/p>\n<form>\n\t<input type=\"hidden\" name=\"fl-layout-id\" value=\"61\" \/>\n    <h3>\n\t\t<\/h3>\n\t\n\t\t\n    \t\t<label for=\"pp-name-\">Nom complet<\/label>\n    \t\tPlease enter your name.\n    \t\t<input type=\"text\" name=\"pp-name\" id=\"pp-name-\" value=\"\" placeholder=\"Nom complet\"  \/>\n    \t\t<label for=\"pp-email-\">Adresse courriel<\/label>\n    \t\tPlease enter a valid email.\n    \t\t<input type=\"email\" name=\"pp-email\" id=\"pp-email-\" value=\"\" placeholder=\"Adresse courriel\"  \/>\n    \t\t<label for=\"pp-phone-\">Num\u00e9ro de t\u00e9l\u00e9phone<\/label>\n    \t\tPlease enter a valid phone number.\n    \t\t<input type=\"tel\" name=\"pp-phone\" id=\"pp-phone-\" value=\"\" placeholder=\"Num\u00e9ro de t\u00e9l\u00e9phone\"  \/>\n    \t<a href=\"#\" target=\"_self\" role=\"button\" rel=\"noopener\">\n    \t\t    \t\t    \t\tSOUMETTRE\n    \t\t    \t\t    \t<\/a>\n\t\t\t Le message a \u00e9chou\u00e9. Veuillez r\u00e9essayer.\n<\/form>\n  <p>Merci de nous avoir contact\u00e9! Nous vous contacterons sous peu.<\/p>\n\n","protected":false},"excerpt":{"rendered":"<p>AREVE APPARTEMENTS APPARTEMENTS LOCATIFS DE PRESTIGE SITU\u00c9E AU C\u0152UR DE VILLE LASALLE. \u00c0 LOUER D\u00c8S MAINTENANT. VEUILLEZ SAISIR VOS COORDONN\u00c9ES ET UN REPR\u00c9SENTANT DE LA LOCATION VOUS CONTACTERA DIRECTEMENT. Veuillez activer JavaScript dans votre navigateur pour remplir ce formulaire.Nom complet *Adresse courriel *Num\u00e9ro de t\u00e9l\u00e9phone *SOUMETTRE AREVE APPARTEMENTS Cette adresse prestigieuse est situ\u00e9e \u00e0 quelques&hellip;<\/p>\n","protected":false},"author":2,"featured_media":0,"parent":0,"menu_order":0,"comment_status":"closed","ping_status":"closed","template":"","meta":{"om_disable_all_campaigns":false,"inline_featured_image":false,"_mi_skip_tracking":false,"_monsterinsights_sitenote_active":false,"_monsterinsights_sitenote_note":"","_monsterinsights_sitenote_category":0},"aioseo_notices":[],"_links":{"self":[{"href":"http:\/\/www.areve.ca\/fr\/wp-json\/wp\/v2\/pages\/61"}],"collection":[{"href":"http:\/\/www.areve.ca\/fr\/wp-json\/wp\/v2\/pages"}],"about":[{"href":"http:\/\/www.areve.ca\/fr\/wp-json\/wp\/v2\/types\/page"}],"author":[{"embeddable":true,"href":"http:\/\/www.areve.ca\/fr\/wp-json\/wp\/v2\/users\/2"}],"replies":[{"embeddable":true,"href":"http:\/\/www.areve.ca\/fr\/wp-json\/wp\/v2\/comments?post=61"}],"version-history":[{"count":32,"href":"http:\/\/www.areve.ca\/fr\/wp-json\/wp\/v2\/pages\/61\/revisions"}],"predecessor-version":[{"id":274,"href":"http:\/\/www.areve.ca\/fr\/wp-json\/wp\/v2\/pages\/61\/revisions\/274"}],"wp:attachment":[{"href":"http:\/\/www.areve.ca\/fr\/wp-json\/wp\/v2\/media?parent=61"}],"curies":[{"name":"wp","href":"https:\/\/api.w.org\/{rel}","templated":true}]}}